{"id":884,"date":"2022-11-03T13:13:02","date_gmt":"2022-11-03T13:13:02","guid":{"rendered":"https:\/\/www.hpe-tech.at\/?page_id=884"},"modified":"2022-11-03T15:46:57","modified_gmt":"2022-11-03T15:46:57","slug":"maschinenverleih","status":"publish","type":"page","link":"https:\/\/www.hpe-tech.at\/index.php\/maschinenverleih\/","title":{"rendered":"Maschinenverleih"},"content":{"rendered":"\t\t<div data-elementor-type=\"wp-page\" data-elementor-id=\"884\" class=\"elementor elementor-884\">\n\t\t\t\t\t\t<section class=\"elementor-section elementor-top-section elementor-element elementor-element-33d154d elementor-section-boxed elementor-section-height-default elementor-section-height-default\" data-id=\"33d154d\" data-element_type=\"section\" data-e-type=\"section\">\n\t\t\t\t\t\t<div class=\"elementor-container elementor-column-gap-default\">\n\t\t\t\t\t<div class=\"elementor-column elementor-col-100 elementor-top-column elementor-element elementor-element-f89dfd7\" data-id=\"f89dfd7\" data-element_type=\"column\" data-e-type=\"column\">\n\t\t\t<div class=\"elementor-widget-wrap elementor-element-populated\">\n\t\t\t\t\t\t<div class=\"elementor-element elementor-element-8ba59e7 elementor-widget elementor-widget-heading\" data-id=\"8ba59e7\" data-element_type=\"widget\" data-e-type=\"widget\" data-widget_type=\"heading.default\">\n\t\t\t\t<div class=\"elementor-widget-container\">\n\t\t\t\t\t<h2 class=\"elementor-heading-title elementor-size-default\">Cat Minibagger 301.7 D         1.9 to<\/h2>\t\t\t\t<\/div>\n\t\t\t\t<\/div>\n\t\t\t\t<section class=\"elementor-section elementor-inner-section elementor-element elementor-element-2cd6a75 elementor-section-boxed elementor-section-height-default elementor-section-height-default\" data-id=\"2cd6a75\" data-element_type=\"section\" data-e-type=\"section\">\n\t\t\t\t\t\t<div class=\"elementor-container elementor-column-gap-default\">\n\t\t\t\t\t<div class=\"elementor-column elementor-col-100 elementor-inner-column elementor-element elementor-element-c857f82\" data-id=\"c857f82\" data-element_type=\"column\" data-e-type=\"column\">\n\t\t\t<div class=\"elementor-widget-wrap elementor-element-populated\">\n\t\t\t\t\t\t<div class=\"elementor-element elementor-element-e71f182 elementor-widget elementor-widget-text-editor\" data-id=\"e71f182\" data-element_type=\"widget\" data-e-type=\"widget\" data-widget_type=\"text-editor.default\">\n\t\t\t\t<div class=\"elementor-widget-container\">\n\t\t\t\t\t\t\t\t\t<table class=\"machine-table\" width=\"100%\"><tbody><tr><td>Hersteller<\/td><td class=\"w3-left-align\">\u00a0Caterpiller<\/td><\/tr><tr><td>Modell<\/td><td class=\"w3-left-align\">\u00a0301.7D<\/td><\/tr><tr><td>Maschinenart<\/td><td class=\"w3-left-align\">\u00a0Minibagger<\/td><\/tr><tr><td>Ausstattung<\/td><td class=\"w3-left-align\">\u00a0Tiefenl\u00f6ffel 300mm ; Tiefenl\u00f6ffel 500mm; hydraulischer verstellbarer Grabenl\u00f6ffel 1000mm; Mit oder ohne Kabine<\/td><\/tr><tr><td>Tagespreis<\/td><td class=\"w3-left-align\">\u00a0100\u20ac\u00a0 \u00a0 (8 Stunden inkludiert jede weiter Stunde 15\u20ac )<\/td><\/tr><tr><td>Zustellkosten<\/td><td class=\"w3-left-align\">\u00a0Kilometer Abh\u00e4ngig (pro KM 0,7 \u20ac)<\/td><\/tr><tr><td>\u00a0Extras<\/td><td class=\"w3-left-align\">\u00a0Baggerfahrer auch m\u00f6glich f\u00fcr 20 \u20ac \/pro Stunde<\/td><\/tr><\/tbody><\/table>\t\t\t\t\t\t\t\t<\/div>\n\t\t\t\t<\/div>\n\t\t\t\t\t<\/div>\n\t\t<\/div>\n\t\t\t\t\t<\/div>\n\t\t<\/section>\n\t\t\t\t\t<\/div>\n\t\t<\/div>\n\t\t\t\t\t<\/div>\n\t\t<\/section>\n\t\t\t\t<section class=\"elementor-section elementor-top-section elementor-element elementor-element-617ed51 elementor-section-boxed elementor-section-height-default elementor-section-height-default\" data-id=\"617ed51\" data-element_type=\"section\" data-e-type=\"section\">\n\t\t\t\t\t\t<div class=\"elementor-container elementor-column-gap-default\">\n\t\t\t\t\t<div class=\"elementor-column elementor-col-100 elementor-top-column elementor-element elementor-element-73e90c3\" data-id=\"73e90c3\" data-element_type=\"column\" data-e-type=\"column\">\n\t\t\t<div class=\"elementor-widget-wrap elementor-element-populated\">\n\t\t\t\t\t\t<section class=\"elementor-section elementor-inner-section elementor-element elementor-element-39b6e7e elementor-section-boxed elementor-section-height-default elementor-section-height-default\" data-id=\"39b6e7e\" data-element_type=\"section\" data-e-type=\"section\">\n\t\t\t\t\t\t<div class=\"elementor-container elementor-column-gap-default\">\n\t\t\t\t\t<div class=\"elementor-column elementor-col-50 elementor-inner-column elementor-element elementor-element-d37a2ea\" data-id=\"d37a2ea\" data-element_type=\"column\" data-e-type=\"column\">\n\t\t\t<div class=\"elementor-widget-wrap elementor-element-populated\">\n\t\t\t\t\t\t<div class=\"elementor-element elementor-element-26c5801 elementor-widget elementor-widget-image\" data-id=\"26c5801\" data-element_type=\"widget\" data-e-type=\"widget\" data-widget_type=\"image.default\">\n\t\t\t\t<div class=\"elementor-widget-container\">\n\t\t\t\t\t\t\t\t\t\t\t\t\t\t\t<img fetchpriority=\"high\" decoding=\"async\" width=\"1024\" height=\"768\" src=\"https:\/\/www.hpe-tech.at\/wp-content\/uploads\/2022\/11\/IMG_10571-1024x768.jpg\" class=\"attachment-large size-large wp-image-911\" alt=\"\" srcset=\"https:\/\/www.hpe-tech.at\/wp-content\/uploads\/2022\/11\/IMG_10571-1024x768.jpg 1024w, https:\/\/www.hpe-tech.at\/wp-content\/uploads\/2022\/11\/IMG_10571-300x225.jpg 300w, https:\/\/www.hpe-tech.at\/wp-content\/uploads\/2022\/11\/IMG_10571-768x576.jpg 768w, https:\/\/www.hpe-tech.at\/wp-content\/uploads\/2022\/11\/IMG_10571-1536x1152.jpg 1536w, https:\/\/www.hpe-tech.at\/wp-content\/uploads\/2022\/11\/IMG_10571-2048x1536.jpg 2048w\" sizes=\"(max-width: 1024px) 100vw, 1024px\" \/>\t\t\t\t\t\t\t\t\t\t\t\t\t\t\t<\/div>\n\t\t\t\t<\/div>\n\t\t\t\t\t<\/div>\n\t\t<\/div>\n\t\t\t\t<div class=\"elementor-column elementor-col-50 elementor-inner-column elementor-element elementor-element-f3e7a52\" data-id=\"f3e7a52\" data-element_type=\"column\" data-e-type=\"column\">\n\t\t\t<div class=\"elementor-widget-wrap elementor-element-populated\">\n\t\t\t\t\t\t<div class=\"elementor-element elementor-element-fb362d3 elementor-widget elementor-widget-image\" data-id=\"fb362d3\" data-element_type=\"widget\" data-e-type=\"widget\" data-widget_type=\"image.default\">\n\t\t\t\t<div class=\"elementor-widget-container\">\n\t\t\t\t\t\t\t\t\t\t\t\t\t\t\t<img decoding=\"async\" src=\"https:\/\/www.hpe-tech.at\/wp-content\/uploads\/2022\/11\/IMG_10581-scaled.jpg\" title=\"Bagger 1\" alt=\"Bagger 1\" loading=\"lazy\" \/>\t\t\t\t\t\t\t\t\t\t\t\t\t\t\t<\/div>\n\t\t\t\t<\/div>\n\t\t\t\t\t<\/div>\n\t\t<\/div>\n\t\t\t\t\t<\/div>\n\t\t<\/section>\n\t\t\t\t<section class=\"elementor-section elementor-inner-section elementor-element elementor-element-e40b667 elementor-section-boxed elementor-section-height-default elementor-section-height-default\" data-id=\"e40b667\" data-element_type=\"section\" data-e-type=\"section\">\n\t\t\t\t\t\t<div class=\"elementor-container elementor-column-gap-default\">\n\t\t\t\t\t<div class=\"elementor-column elementor-col-50 elementor-inner-column elementor-element elementor-element-a2916cd\" data-id=\"a2916cd\" data-element_type=\"column\" data-e-type=\"column\">\n\t\t\t<div class=\"elementor-widget-wrap elementor-element-populated\">\n\t\t\t\t\t\t<div class=\"elementor-element elementor-element-b83fc49 elementor-widget elementor-widget-image\" data-id=\"b83fc49\" data-element_type=\"widget\" data-e-type=\"widget\" data-widget_type=\"image.default\">\n\t\t\t\t<div class=\"elementor-widget-container\">\n\t\t\t\t\t\t\t\t\t\t\t\t\t\t\t<img decoding=\"async\" width=\"1024\" height=\"576\" src=\"https:\/\/www.hpe-tech.at\/wp-content\/uploads\/2022\/11\/XFRN47951-1024x576.jpg\" class=\"attachment-large size-large wp-image-908\" alt=\"\" srcset=\"https:\/\/www.hpe-tech.at\/wp-content\/uploads\/2022\/11\/XFRN47951-1024x576.jpg 1024w, https:\/\/www.hpe-tech.at\/wp-content\/uploads\/2022\/11\/XFRN47951-300x169.jpg 300w, https:\/\/www.hpe-tech.at\/wp-content\/uploads\/2022\/11\/XFRN47951-768x432.jpg 768w, https:\/\/www.hpe-tech.at\/wp-content\/uploads\/2022\/11\/XFRN47951-1536x864.jpg 1536w, https:\/\/www.hpe-tech.at\/wp-content\/uploads\/2022\/11\/XFRN47951-2048x1152.jpg 2048w\" sizes=\"(max-width: 1024px) 100vw, 1024px\" \/>\t\t\t\t\t\t\t\t\t\t\t\t\t\t\t<\/div>\n\t\t\t\t<\/div>\n\t\t\t\t\t<\/div>\n\t\t<\/div>\n\t\t\t\t<div class=\"elementor-column elementor-col-50 elementor-inner-column elementor-element elementor-element-f25fc27\" data-id=\"f25fc27\" data-element_type=\"column\" data-e-type=\"column\">\n\t\t\t<div class=\"elementor-widget-wrap elementor-element-populated\">\n\t\t\t\t\t\t<div class=\"elementor-element elementor-element-1770609 elementor-widget elementor-widget-image\" data-id=\"1770609\" data-element_type=\"widget\" data-e-type=\"widget\" data-widget_type=\"image.default\">\n\t\t\t\t<div class=\"elementor-widget-container\">\n\t\t\t\t\t\t\t\t\t\t\t\t\t\t\t<img decoding=\"async\" width=\"1024\" height=\"576\" src=\"https:\/\/www.hpe-tech.at\/wp-content\/uploads\/2022\/11\/PPIM15851-1024x576.jpg\" class=\"attachment-large size-large wp-image-910\" alt=\"\" srcset=\"https:\/\/www.hpe-tech.at\/wp-content\/uploads\/2022\/11\/PPIM15851-1024x576.jpg 1024w, https:\/\/www.hpe-tech.at\/wp-content\/uploads\/2022\/11\/PPIM15851-300x169.jpg 300w, https:\/\/www.hpe-tech.at\/wp-content\/uploads\/2022\/11\/PPIM15851-768x432.jpg 768w, https:\/\/www.hpe-tech.at\/wp-content\/uploads\/2022\/11\/PPIM15851-1536x864.jpg 1536w, https:\/\/www.hpe-tech.at\/wp-content\/uploads\/2022\/11\/PPIM15851-2048x1152.jpg 2048w\" sizes=\"(max-width: 1024px) 100vw, 1024px\" \/>\t\t\t\t\t\t\t\t\t\t\t\t\t\t\t<\/div>\n\t\t\t\t<\/div>\n\t\t\t\t\t<\/div>\n\t\t<\/div>\n\t\t\t\t\t<\/div>\n\t\t<\/section>\n\t\t\t\t\t<\/div>\n\t\t<\/div>\n\t\t\t\t\t<\/div>\n\t\t<\/section>\n\t\t\t\t<section class=\"elementor-section elementor-top-section elementor-element elementor-element-10c72c1 elementor-section-boxed elementor-section-height-default elementor-section-height-default\" data-id=\"10c72c1\" data-element_type=\"section\" data-e-type=\"section\">\n\t\t\t\t\t\t<div class=\"elementor-container elementor-column-gap-default\">\n\t\t\t\t\t<div class=\"elementor-column elementor-col-100 elementor-top-column elementor-element elementor-element-2a15791\" data-id=\"2a15791\" data-element_type=\"column\" data-e-type=\"column\">\n\t\t\t<div class=\"elementor-widget-wrap elementor-element-populated\">\n\t\t\t\t\t\t<section class=\"elementor-section elementor-inner-section elementor-element elementor-element-133f8d8 elementor-section-boxed elementor-section-height-default elementor-section-height-default\" data-id=\"133f8d8\" data-element_type=\"section\" data-e-type=\"section\">\n\t\t\t\t\t\t<div class=\"elementor-container elementor-column-gap-default\">\n\t\t\t\t\t<div class=\"elementor-column elementor-col-50 elementor-inner-column elementor-element elementor-element-a88674a\" data-id=\"a88674a\" data-element_type=\"column\" data-e-type=\"column\">\n\t\t\t<div class=\"elementor-widget-wrap elementor-element-populated\">\n\t\t\t\t\t\t<div class=\"elementor-element elementor-element-c4369e9 elementor-widget elementor-widget-image\" data-id=\"c4369e9\" data-element_type=\"widget\" data-e-type=\"widget\" data-widget_type=\"image.default\">\n\t\t\t\t<div class=\"elementor-widget-container\">\n\t\t\t\t\t\t\t\t\t\t\t\t\t\t\t<img decoding=\"async\" src=\"https:\/\/www.hpe-tech.at\/wp-content\/uploads\/elementor\/thumbs\/bagger9-scaled-qhywpmjn1yv5k455zyma7pss0aidzbx9bk18xx4c0w.jpg\" title=\"bagger9\" alt=\"bagger9\" loading=\"lazy\" \/>\t\t\t\t\t\t\t\t\t\t\t\t\t\t\t<\/div>\n\t\t\t\t<\/div>\n\t\t\t\t\t<\/div>\n\t\t<\/div>\n\t\t\t\t<div class=\"elementor-column elementor-col-50 elementor-inner-column elementor-element elementor-element-aa76f26\" data-id=\"aa76f26\" data-element_type=\"column\" data-e-type=\"column\">\n\t\t\t<div class=\"elementor-widget-wrap elementor-element-populated\">\n\t\t\t\t\t\t<div class=\"elementor-element elementor-element-f07c515 elementor-widget elementor-widget-image\" data-id=\"f07c515\" data-element_type=\"widget\" data-e-type=\"widget\" data-widget_type=\"image.default\">\n\t\t\t\t<div class=\"elementor-widget-container\">\n\t\t\t\t\t\t\t\t\t\t\t\t\t\t\t<img decoding=\"async\" src=\"https:\/\/www.hpe-tech.at\/wp-content\/uploads\/elementor\/thumbs\/IMG_09971-1-1-scaled-qhywpmjn1yv5k455zyma7pss0aidzbx9bk18xx4c0w.jpg\" title=\"bagger6\" alt=\"bagger6\" loading=\"lazy\" \/>\t\t\t\t\t\t\t\t\t\t\t\t\t\t\t<\/div>\n\t\t\t\t<\/div>\n\t\t\t\t\t<\/div>\n\t\t<\/div>\n\t\t\t\t\t<\/div>\n\t\t<\/section>\n\t\t\t\t\t<\/div>\n\t\t<\/div>\n\t\t\t\t\t<\/div>\n\t\t<\/section>\n\t\t\t\t<\/div>\n\t\t","protected":false},"excerpt":{"rendered":"<p>Cat Minibagger 301.7 D 1.9 to Hersteller \u00a0Caterpiller Modell \u00a0301.7D Maschinenart \u00a0Minibagger Ausstattung \u00a0Tiefenl\u00f6ffel 300mm ; Tiefenl\u00f6ffel 500mm; hydraulischer verstellbarer Grabenl\u00f6ffel 1000mm; Mit oder ohne Kabine Tagespreis \u00a0100\u20ac\u00a0 \u00a0 (8 Stunden inkludiert jede weiter Stunde 15\u20ac ) Zustellkosten \u00a0Kilometer Abh\u00e4ngig (pro KM 0,7 \u20ac) \u00a0Extras \u00a0Baggerfahrer auch m\u00f6glich f\u00fcr 20 \u20ac \/pro Stunde<\/p>\n","protected":false},"author":3,"featured_media":0,"parent":0,"menu_order":0,"comment_status":"closed","ping_status":"closed","template":"","meta":{"site-sidebar-layout":"no-sidebar","site-content-layout":"page-builder","ast-site-content-layout":"default","site-content-style":"default","site-sidebar-style":"default","ast-global-header-display":"","ast-banner-title-visibility":"","ast-main-header-display":"","ast-hfb-above-header-display":"","ast-hfb-below-header-display":"","ast-hfb-mobile-header-display":"","site-post-title":"disabled","ast-breadcrumbs-content":"","ast-featured-img":"disabled","footer-sml-layout":"","theme-transparent-header-meta":"","adv-header-id-meta":"","stick-header-meta":"","header-above-stick-meta":"","header-main-stick-meta":"","header-below-stick-meta":"","astra-migrate-meta-layouts":"default","ast-page-background-enabled":"default","ast-page-background-meta":{"desktop":{"background-color":"","background-image":"","background-repeat":"repeat","background-position":"center center","background-size":"auto","background-attachment":"scroll","background-type":"","background-media":"","overlay-type":"","overlay-color":"","overlay-opacity":"","overlay-gradient":""},"tablet":{"background-color":"","background-image":"","background-repeat":"repeat","background-position":"center center","background-size":"auto","background-attachment":"scroll","background-type":"","background-media":"","overlay-type":"","overlay-color":"","overlay-opacity":"","overlay-gradient":""},"mobile":{"background-color":"","background-image":"","background-repeat":"repeat","background-position":"center center","background-size":"auto","background-attachment":"scroll","background-type":"","background-media":"","overlay-type":"","overlay-color":"","overlay-opacity":"","overlay-gradient":""}},"ast-content-background-meta":{"desktop":{"background-color":"var(--ast-global-color-5)","background-image":"","background-repeat":"repeat","background-position":"center center","background-size":"auto","background-attachment":"scroll","background-type":"","background-media":"","overlay-type":"","overlay-color":"","overlay-opacity":"","overlay-gradient":""},"tablet":{"background-color":"var(--ast-global-color-5)","background-image":"","background-repeat":"repeat","background-position":"center center","background-size":"auto","background-attachment":"scroll","background-type":"","background-media":"","overlay-type":"","overlay-color":"","overlay-opacity":"","overlay-gradient":""},"mobile":{"background-color":"var(--ast-global-color-5)","background-image":"","background-repeat":"repeat","background-position":"center center","background-size":"auto","background-attachment":"scroll","background-type":"","background-media":"","overlay-type":"","overlay-color":"","overlay-opacity":"","overlay-gradient":""}},"footnotes":""},"class_list":["post-884","page","type-page","status-publish","hentry"],"_links":{"self":[{"href":"https:\/\/www.hpe-tech.at\/index.php\/wp-json\/wp\/v2\/pages\/884","targetHints":{"allow":["GET"]}}],"collection":[{"href":"https:\/\/www.hpe-tech.at\/index.php\/wp-json\/wp\/v2\/pages"}],"about":[{"href":"https:\/\/www.hpe-tech.at\/index.php\/wp-json\/wp\/v2\/types\/page"}],"author":[{"embeddable":true,"href":"https:\/\/www.hpe-tech.at\/index.php\/wp-json\/wp\/v2\/users\/3"}],"replies":[{"embeddable":true,"href":"https:\/\/www.hpe-tech.at\/index.php\/wp-json\/wp\/v2\/comments?post=884"}],"version-history":[{"count":23,"href":"https:\/\/www.hpe-tech.at\/index.php\/wp-json\/wp\/v2\/pages\/884\/revisions"}],"predecessor-version":[{"id":941,"href":"https:\/\/www.hpe-tech.at\/index.php\/wp-json\/wp\/v2\/pages\/884\/revisions\/941"}],"wp:attachment":[{"href":"https:\/\/www.hpe-tech.at\/index.php\/wp-json\/wp\/v2\/media?parent=884"}],"curies":[{"name":"wp","href":"https:\/\/api.w.org\/{rel}","templated":true}]}}