{"id":435,"date":"2018-06-07T05:36:45","date_gmt":"2018-06-07T05:36:45","guid":{"rendered":"https:\/\/www.hpe-tech.at\/index.php\/home\/"},"modified":"2022-11-03T13:25:26","modified_gmt":"2022-11-03T13:25:26","slug":"home","status":"publish","type":"page","link":"https:\/\/www.hpe-tech.at\/","title":{"rendered":"HPE Tech"},"content":{"rendered":"\t\t<div data-elementor-type=\"wp-page\" data-elementor-id=\"435\" class=\"elementor elementor-435\">\n\t\t\t\t\t\t<section class=\"elementor-section elementor-top-section elementor-element elementor-element-6fb81fb elementor-section-boxed elementor-section-height-default elementor-section-height-default\" data-id=\"6fb81fb\" data-element_type=\"section\" data-e-type=\"section\">\n\t\t\t\t\t\t<div class=\"elementor-container elementor-column-gap-default\">\n\t\t\t\t\t<div class=\"elementor-column elementor-col-100 elementor-top-column elementor-element elementor-element-605ac83\" data-id=\"605ac83\" data-element_type=\"column\" data-e-type=\"column\">\n\t\t\t<div class=\"elementor-widget-wrap elementor-element-populated\">\n\t\t\t\t\t\t<section class=\"elementor-section elementor-inner-section elementor-element elementor-element-1577d0d elementor-section-boxed elementor-section-height-default elementor-section-height-default\" data-id=\"1577d0d\" data-element_type=\"section\" data-e-type=\"section\" data-settings=\"{&quot;background_background&quot;:&quot;classic&quot;}\">\n\t\t\t\t\t\t<div class=\"elementor-container elementor-column-gap-default\">\n\t\t\t\t\t<div class=\"elementor-column elementor-col-100 elementor-inner-column elementor-element elementor-element-8d2c4b2\" data-id=\"8d2c4b2\" data-element_type=\"column\" data-e-type=\"column\">\n\t\t\t<div class=\"elementor-widget-wrap elementor-element-populated\">\n\t\t\t\t\t\t<div class=\"elementor-element elementor-element-b09c4bf elementor-widget elementor-widget-heading\" data-id=\"b09c4bf\" data-element_type=\"widget\" data-e-type=\"widget\" data-widget_type=\"heading.default\">\n\t\t\t\t<div class=\"elementor-widget-container\">\n\t\t\t\t\t<h2 class=\"elementor-heading-title elementor-size-default\">Ihr Spezialist f\u00fcr Maschinen- und Anlagenmontage!\n\n<\/h2>\t\t\t\t<\/div>\n\t\t\t\t<\/div>\n\t\t\t\t<div class=\"elementor-element elementor-element-ee8ebd7 elementor-widget elementor-widget-text-editor\" data-id=\"ee8ebd7\" data-element_type=\"widget\" data-e-type=\"widget\" data-widget_type=\"text-editor.default\">\n\t\t\t\t<div class=\"elementor-widget-container\">\n\t\t\t\t\t\t\t\t\t<p><span style=\"font-style: inherit; font-weight: inherit; color: var(--ast-global-color-3);\">Wir m\u00f6chten Sie aus diesem Grund dabei <\/span><span style=\"font-style: inherit; color: var(--ast-global-color-3);\"><b>unterst\u00fctzen<\/b><\/span><span style=\"font-style: inherit; font-weight: inherit; color: var(--ast-global-color-3);\">, auch <\/span><span style=\"font-style: inherit; color: var(--ast-global-color-3);\"><b>sensible Maschinen <\/b><\/span><span style=\"font-style: inherit; font-weight: inherit; color: var(--ast-global-color-3);\">und <\/span><span style=\"font-style: inherit; color: var(--ast-global-color-3);\"><b>Anlagen <\/b><\/span><span style=\"font-style: inherit; font-weight: inherit; color: var(--ast-global-color-3);\">mit Struktur zu bewegen und die Risiken w\u00e4hrend der gesamten <\/span><span style=\"font-style: inherit; color: var(--ast-global-color-3);\"><b>Umsetzung <\/b><\/span><span style=\"font-style: inherit; font-weight: inherit; color: var(--ast-global-color-3);\">so weit wie m\u00f6glich zu minimieren.\u00a0<\/span><\/p><ul><li><b>Zeitersparnis <\/b>durch Komplettabwicklung<\/li><li>alles aus einer Hand<\/li><li>fachgerechter <b>Ab- und Aufbau<\/b><\/li><li>rasche Projektumsetzung<\/li><li>schnelle <b>Produktionsbereitschaft <\/b>am neuen <b>Standort<\/b><\/li><\/ul><p><span style=\"font-style: inherit; font-weight: inherit; color: var(--ast-global-color-3);\">Am Bestimmungsort f\u00fchren wir die Maschinenaufstellung und Montage nach Ihren Layout-plan ordnungsgem\u00e4\u00df und pr\u00e4zise durch.\u00a0\u00a0<\/span><br \/>Mit <span style=\"color: #000000;\"><strong>HPE-TECH<\/strong><\/span> haben Sie f\u00fcr Ihre Maschinen- und Anlagenwartung einen kompetenten Ansprechpartner, der alle Ihre Anforderungen erf\u00fcllt und Ihnen kompletten Service bietet\u00a0<\/p>\t\t\t\t\t\t\t\t<\/div>\n\t\t\t\t<\/div>\n\t\t\t\t\t<\/div>\n\t\t<\/div>\n\t\t\t\t\t<\/div>\n\t\t<\/section>\n\t\t\t\t\t<\/div>\n\t\t<\/div>\n\t\t\t\t\t<\/div>\n\t\t<\/section>\n\t\t\t\t<section class=\"elementor-section elementor-top-section elementor-element elementor-element-7f8a9df elementor-section-boxed elementor-section-height-default elementor-section-height-default\" data-id=\"7f8a9df\" data-element_type=\"section\" data-e-type=\"section\">\n\t\t\t\t\t\t<div class=\"elementor-container elementor-column-gap-default\">\n\t\t\t\t\t<div class=\"elementor-column elementor-col-100 elementor-top-column elementor-element elementor-element-053173f\" data-id=\"053173f\" data-element_type=\"column\" data-e-type=\"column\">\n\t\t\t<div class=\"elementor-widget-wrap elementor-element-populated\">\n\t\t\t\t\t\t<div class=\"elementor-element elementor-element-6c69417 elementor-widget elementor-widget-menu-anchor\" data-id=\"6c69417\" data-element_type=\"widget\" data-e-type=\"widget\" data-widget_type=\"menu-anchor.default\">\n\t\t\t\t<div class=\"elementor-widget-container\">\n\t\t\t\t\t\t\t<div class=\"elementor-menu-anchor\" id=\"Leistung\"><\/div>\n\t\t\t\t\t\t<\/div>\n\t\t\t\t<\/div>\n\t\t\t\t<section class=\"elementor-section elementor-inner-section elementor-element elementor-element-ff775b2 elementor-section-content-middle elementor-section-boxed elementor-section-height-default elementor-section-height-default\" data-id=\"ff775b2\" data-element_type=\"section\" data-e-type=\"section\" data-settings=\"{&quot;background_background&quot;:&quot;classic&quot;}\">\n\t\t\t\t\t\t<div class=\"elementor-container elementor-column-gap-default\">\n\t\t\t\t\t<div class=\"elementor-column elementor-col-50 elementor-inner-column elementor-element elementor-element-591439f\" data-id=\"591439f\" data-element_type=\"column\" data-e-type=\"column\">\n\t\t\t<div class=\"elementor-widget-wrap elementor-element-populated\">\n\t\t\t\t\t\t<div class=\"elementor-element elementor-element-d905c4c elementor-widget elementor-widget-image\" data-id=\"d905c4c\" data-element_type=\"widget\" data-e-type=\"widget\" data-widget_type=\"image.default\">\n\t\t\t\t<div class=\"elementor-widget-container\">\n\t\t\t\t\t\t\t\t\t\t\t\t\t\t\t<img fetchpriority=\"high\" decoding=\"async\" width=\"1024\" height=\"683\" src=\"https:\/\/www.hpe-tech.at\/wp-content\/uploads\/2022\/08\/thisisengineering-raeng-lx8CooX66ms-unsplash-1024x683.jpg\" class=\"attachment-large size-large wp-image-699\" alt=\"\" srcset=\"https:\/\/www.hpe-tech.at\/wp-content\/uploads\/2022\/08\/thisisengineering-raeng-lx8CooX66ms-unsplash-1024x683.jpg 1024w, https:\/\/www.hpe-tech.at\/wp-content\/uploads\/2022\/08\/thisisengineering-raeng-lx8CooX66ms-unsplash-300x200.jpg 300w, https:\/\/www.hpe-tech.at\/wp-content\/uploads\/2022\/08\/thisisengineering-raeng-lx8CooX66ms-unsplash-768x512.jpg 768w, https:\/\/www.hpe-tech.at\/wp-content\/uploads\/2022\/08\/thisisengineering-raeng-lx8CooX66ms-unsplash-1536x1024.jpg 1536w, https:\/\/www.hpe-tech.at\/wp-content\/uploads\/2022\/08\/thisisengineering-raeng-lx8CooX66ms-unsplash-2048x1365.jpg 2048w\" sizes=\"(max-width: 1024px) 100vw, 1024px\" \/>\t\t\t\t\t\t\t\t\t\t\t\t\t\t\t<\/div>\n\t\t\t\t<\/div>\n\t\t\t\t\t<\/div>\n\t\t<\/div>\n\t\t\t\t<div class=\"elementor-column elementor-col-50 elementor-inner-column elementor-element elementor-element-7d8bc29\" data-id=\"7d8bc29\" data-element_type=\"column\" data-e-type=\"column\">\n\t\t\t<div class=\"elementor-widget-wrap elementor-element-populated\">\n\t\t\t\t\t\t<div class=\"elementor-element elementor-element-93284d2 elementor-widget elementor-widget-heading\" data-id=\"93284d2\" data-element_type=\"widget\" data-e-type=\"widget\" data-widget_type=\"heading.default\">\n\t\t\t\t<div class=\"elementor-widget-container\">\n\t\t\t\t\t<h3 class=\"elementor-heading-title elementor-size-default\">Maschinenwartung und Service<\/h3>\t\t\t\t<\/div>\n\t\t\t\t<\/div>\n\t\t\t\t<div class=\"elementor-element elementor-element-73de777 elementor-widget elementor-widget-text-editor\" data-id=\"73de777\" data-element_type=\"widget\" data-e-type=\"widget\" data-widget_type=\"text-editor.default\">\n\t\t\t\t<div class=\"elementor-widget-container\">\n\t\t\t\t\t\t\t\t\t<p>Mit unseren umfangreichen <strong>Wartungsleistungen<\/strong> bleiben Ihre Maschinen nahezu neuwertig. In <strong>regelm\u00e4\u00dfigen Abst\u00e4nden<\/strong> \u00fcberpr\u00fcfen unsere Servicetechniker alle relevanten Komponenten und tauschen<strong> Verschlei\u00dfteile<\/strong> aus. Das bedeutet maximale <strong>Produktivit\u00e4t<\/strong> und<strong> Effizienz<\/strong> auf lange Sicht.<br \/>Regelm\u00e4\u00dfige Wartungen Ihrer Ger\u00e4te und Systeme sind oft eine <strong>wichtige Voraussetzung<\/strong> f\u00fcr erfolgreiche Audits.<\/p><p><strong>Ihre Vorteile:<\/strong><\/p><ul><li>Dauerhaft h\u00f6chste <strong>Produktqualit\u00e4t<\/strong><\/li><li><strong>Geringer Eigenaufwand<\/strong> bei Wartungsarbeiten dank umfangreicher Serviceleistungen<\/li><li>Alles aus einer Hand mit <strong>kompetent Ansprechpartner\u00a0<\/strong><\/li><\/ul>\t\t\t\t\t\t\t\t<\/div>\n\t\t\t\t<\/div>\n\t\t\t\t\t<\/div>\n\t\t<\/div>\n\t\t\t\t\t<\/div>\n\t\t<\/section>\n\t\t\t\t\t<\/div>\n\t\t<\/div>\n\t\t\t\t\t<\/div>\n\t\t<\/section>\n\t\t\t\t<section class=\"elementor-section elementor-top-section elementor-element elementor-element-7faae02 elementor-section-boxed elementor-section-height-default elementor-section-height-default\" data-id=\"7faae02\" data-element_type=\"section\" data-e-type=\"section\">\n\t\t\t\t\t\t<div class=\"elementor-container elementor-column-gap-default\">\n\t\t\t\t\t<div class=\"elementor-column elementor-col-100 elementor-top-column elementor-element elementor-element-cea06bf\" data-id=\"cea06bf\" data-element_type=\"column\" data-e-type=\"column\">\n\t\t\t<div class=\"elementor-widget-wrap elementor-element-populated\">\n\t\t\t\t\t\t<section class=\"elementor-section elementor-inner-section elementor-element elementor-element-9c91817 elementor-section-boxed elementor-section-height-default elementor-section-height-default\" data-id=\"9c91817\" data-element_type=\"section\" data-e-type=\"section\" data-settings=\"{&quot;background_background&quot;:&quot;classic&quot;}\">\n\t\t\t\t\t\t<div class=\"elementor-container elementor-column-gap-default\">\n\t\t\t\t\t<div class=\"elementor-column elementor-col-50 elementor-inner-column elementor-element elementor-element-d04a308\" data-id=\"d04a308\" data-element_type=\"column\" data-e-type=\"column\">\n\t\t\t<div class=\"elementor-widget-wrap elementor-element-populated\">\n\t\t\t\t\t\t<div class=\"elementor-element elementor-element-56cb40c elementor-widget elementor-widget-heading\" data-id=\"56cb40c\" data-element_type=\"widget\" data-e-type=\"widget\" data-widget_type=\"heading.default\">\n\t\t\t\t<div class=\"elementor-widget-container\">\n\t\t\t\t\t<h3 class=\"elementor-heading-title elementor-size-default\">Maschinenverleih<\/h3>\t\t\t\t<\/div>\n\t\t\t\t<\/div>\n\t\t\t\t<div class=\"elementor-element elementor-element-91fa2b5 elementor-widget elementor-widget-text-editor\" data-id=\"91fa2b5\" data-element_type=\"widget\" data-e-type=\"widget\" data-widget_type=\"text-editor.default\">\n\t\t\t\t<div class=\"elementor-widget-container\">\n\t\t\t\t\t\t\t\t\t<p><strong>\u201eGeht nicht\u201c gibt\u2019s nicht: Unser Team findet immer eine L\u00f6sung!<\/strong><\/p><p>Wir verstehen Ihre Bed\u00fcrfnisse und Herausforderungen. Und was noch wichtiger ist: Wir wissen genau, was f\u00fcr Ihr Projekt wichtig ist. Ganz gleich, wie das Problem ist, gemeinsam werden wir die Aufgabe bew\u00e4ltigen.\u00a0<\/p>\t\t\t\t\t\t\t\t<\/div>\n\t\t\t\t<\/div>\n\t\t\t\t<div class=\"elementor-element elementor-element-d5ffbbc elementor-align-center elementor-widget elementor-widget-button\" data-id=\"d5ffbbc\" data-element_type=\"widget\" data-e-type=\"widget\" data-widget_type=\"button.default\">\n\t\t\t\t<div class=\"elementor-widget-container\">\n\t\t\t\t\t\t\t\t\t<div class=\"elementor-button-wrapper\">\n\t\t\t\t\t<a class=\"elementor-button elementor-button-link elementor-size-sm\" href=\"https:\/\/www.hpe-tech.at\/index.php\/kontakt\/\">\n\t\t\t\t\t\t<span class=\"elementor-button-content-wrapper\">\n\t\t\t\t\t\t\t\t\t<span class=\"elementor-button-text\">Kontakt<\/span>\n\t\t\t\t\t<\/span>\n\t\t\t\t\t<\/a>\n\t\t\t\t<\/div>\n\t\t\t\t\t\t\t\t<\/div>\n\t\t\t\t<\/div>\n\t\t\t\t\t<\/div>\n\t\t<\/div>\n\t\t\t\t<div class=\"elementor-column elementor-col-50 elementor-inner-column elementor-element elementor-element-4cc7cec\" data-id=\"4cc7cec\" data-element_type=\"column\" data-e-type=\"column\">\n\t\t\t<div class=\"elementor-widget-wrap elementor-element-populated\">\n\t\t\t\t\t\t<div class=\"elementor-element elementor-element-de8ee9c elementor-widget elementor-widget-image\" data-id=\"de8ee9c\" data-element_type=\"widget\" data-e-type=\"widget\" data-widget_type=\"image.default\">\n\t\t\t\t<div class=\"elementor-widget-container\">\n\t\t\t\t\t\t\t\t\t\t\t\t\t\t\t<img decoding=\"async\" width=\"768\" height=\"1024\" src=\"https:\/\/www.hpe-tech.at\/wp-content\/uploads\/2022\/11\/IMG_09971-1-768x1024.jpg\" class=\"attachment-large size-large wp-image-891\" alt=\"\" srcset=\"https:\/\/www.hpe-tech.at\/wp-content\/uploads\/2022\/11\/IMG_09971-1-768x1024.jpg 768w, https:\/\/www.hpe-tech.at\/wp-content\/uploads\/2022\/11\/IMG_09971-1-225x300.jpg 225w, https:\/\/www.hpe-tech.at\/wp-content\/uploads\/2022\/11\/IMG_09971-1-1152x1536.jpg 1152w, https:\/\/www.hpe-tech.at\/wp-content\/uploads\/2022\/11\/IMG_09971-1-1536x2048.jpg 1536w, https:\/\/www.hpe-tech.at\/wp-content\/uploads\/2022\/11\/IMG_09971-1-scaled.jpg 1920w\" sizes=\"(max-width: 768px) 100vw, 768px\" \/>\t\t\t\t\t\t\t\t\t\t\t\t\t\t\t<\/div>\n\t\t\t\t<\/div>\n\t\t\t\t\t<\/div>\n\t\t<\/div>\n\t\t\t\t\t<\/div>\n\t\t<\/section>\n\t\t\t\t\t<\/div>\n\t\t<\/div>\n\t\t\t\t\t<\/div>\n\t\t<\/section>\n\t\t\t\t<section class=\"elementor-section elementor-top-section elementor-element elementor-element-95a0ff3 elementor-section-boxed elementor-section-height-default elementor-section-height-default\" data-id=\"95a0ff3\" data-element_type=\"section\" data-e-type=\"section\" data-settings=\"{&quot;background_background&quot;:&quot;classic&quot;}\">\n\t\t\t\t\t\t<div class=\"elementor-container elementor-column-gap-default\">\n\t\t\t\t\t<div class=\"elementor-column elementor-col-100 elementor-top-column elementor-element elementor-element-99ca5af\" data-id=\"99ca5af\" data-element_type=\"column\" data-e-type=\"column\">\n\t\t\t<div class=\"elementor-widget-wrap elementor-element-populated\">\n\t\t\t\t\t\t<div class=\"elementor-element elementor-element-542d8b0 elementor-widget elementor-widget-heading\" data-id=\"542d8b0\" data-element_type=\"widget\" data-e-type=\"widget\" data-widget_type=\"heading.default\">\n\t\t\t\t<div class=\"elementor-widget-container\">\n\t\t\t\t\t<h3 class=\"elementor-heading-title elementor-size-default\"><p>Wir stehen f&uuml;r Kompetenz<\/p>\n<p>Im Umgang mit Ihrem Maschinenpark<\/p><\/h3>\t\t\t\t<\/div>\n\t\t\t\t<\/div>\n\t\t\t\t\t<\/div>\n\t\t<\/div>\n\t\t\t\t\t<\/div>\n\t\t<\/section>\n\t\t\t\t<section class=\"elementor-section elementor-top-section elementor-element elementor-element-c1ef167 elementor-section-boxed elementor-section-height-default elementor-section-height-default\" data-id=\"c1ef167\" data-element_type=\"section\" data-e-type=\"section\">\n\t\t\t\t\t\t<div class=\"elementor-container elementor-column-gap-default\">\n\t\t\t\t\t<div class=\"elementor-column elementor-col-50 elementor-top-column elementor-element elementor-element-97eb44a\" data-id=\"97eb44a\" data-element_type=\"column\" data-e-type=\"column\">\n\t\t\t<div class=\"elementor-widget-wrap elementor-element-populated\">\n\t\t\t\t\t\t<section class=\"elementor-section elementor-inner-section elementor-element elementor-element-bef200f elementor-section-boxed elementor-section-height-default elementor-section-height-default\" data-id=\"bef200f\" data-element_type=\"section\" data-e-type=\"section\">\n\t\t\t\t\t\t<div class=\"elementor-container elementor-column-gap-default\">\n\t\t\t\t\t<div class=\"elementor-column elementor-col-100 elementor-inner-column elementor-element elementor-element-111e80c\" data-id=\"111e80c\" data-element_type=\"column\" data-e-type=\"column\" data-settings=\"{&quot;background_background&quot;:&quot;classic&quot;}\">\n\t\t\t<div class=\"elementor-widget-wrap elementor-element-populated\">\n\t\t\t\t\t\t<div class=\"elementor-element elementor-element-fd81fe4 elementor-widget elementor-widget-heading\" data-id=\"fd81fe4\" data-element_type=\"widget\" data-e-type=\"widget\" data-widget_type=\"heading.default\">\n\t\t\t\t<div class=\"elementor-widget-container\">\n\t\t\t\t\t<h3 class=\"elementor-heading-title elementor-size-default\">Demontagen und Montagen <\/h3>\t\t\t\t<\/div>\n\t\t\t\t<\/div>\n\t\t\t\t<div class=\"elementor-element elementor-element-b71ddc8 elementor-widget elementor-widget-text-editor\" data-id=\"b71ddc8\" data-element_type=\"widget\" data-e-type=\"widget\" data-widget_type=\"text-editor.default\">\n\t\t\t\t<div class=\"elementor-widget-container\">\n\t\t\t\t\t\t\t\t\t<p>Wir erledigen f\u00fcr Sie den Abbau der alten Anlage und stellen die Neue wieder auf<\/p>\t\t\t\t\t\t\t\t<\/div>\n\t\t\t\t<\/div>\n\t\t\t\t<div class=\"elementor-element elementor-element-71f9e48 elementor-widget elementor-widget-image\" data-id=\"71f9e48\" data-element_type=\"widget\" data-e-type=\"widget\" data-widget_type=\"image.default\">\n\t\t\t\t<div class=\"elementor-widget-container\">\n\t\t\t\t\t\t\t\t\t\t\t\t\t\t\t<img decoding=\"async\" width=\"768\" height=\"768\" src=\"https:\/\/www.hpe-tech.at\/wp-content\/uploads\/2022\/10\/IMG_0822-1-768x768.jpg\" class=\"attachment-medium_large size-medium_large wp-image-805\" alt=\"ALuminiums\u00e4ge\" srcset=\"https:\/\/www.hpe-tech.at\/wp-content\/uploads\/2022\/10\/IMG_0822-1-768x768.jpg 768w, https:\/\/www.hpe-tech.at\/wp-content\/uploads\/2022\/10\/IMG_0822-1-300x300.jpg 300w, https:\/\/www.hpe-tech.at\/wp-content\/uploads\/2022\/10\/IMG_0822-1-150x150.jpg 150w, https:\/\/www.hpe-tech.at\/wp-content\/uploads\/2022\/10\/IMG_0822-1.jpg 800w\" sizes=\"(max-width: 768px) 100vw, 768px\" \/>\t\t\t\t\t\t\t\t\t\t\t\t\t\t\t<\/div>\n\t\t\t\t<\/div>\n\t\t\t\t\t<\/div>\n\t\t<\/div>\n\t\t\t\t\t<\/div>\n\t\t<\/section>\n\t\t\t\t\t<\/div>\n\t\t<\/div>\n\t\t\t\t<div class=\"elementor-column elementor-col-50 elementor-top-column elementor-element elementor-element-38e9194\" data-id=\"38e9194\" data-element_type=\"column\" data-e-type=\"column\">\n\t\t\t<div class=\"elementor-widget-wrap elementor-element-populated\">\n\t\t\t\t\t\t<section class=\"elementor-section elementor-inner-section elementor-element elementor-element-9b7550f elementor-section-boxed elementor-section-height-default elementor-section-height-default\" data-id=\"9b7550f\" data-element_type=\"section\" data-e-type=\"section\">\n\t\t\t\t\t\t<div class=\"elementor-container elementor-column-gap-default\">\n\t\t\t\t\t<div class=\"elementor-column elementor-col-100 elementor-inner-column elementor-element elementor-element-fb5c5c3\" data-id=\"fb5c5c3\" data-element_type=\"column\" data-e-type=\"column\" data-settings=\"{&quot;background_background&quot;:&quot;classic&quot;}\">\n\t\t\t<div class=\"elementor-widget-wrap elementor-element-populated\">\n\t\t\t\t\t\t<div class=\"elementor-element elementor-element-dce5e0d elementor-widget elementor-widget-heading\" data-id=\"dce5e0d\" data-element_type=\"widget\" data-e-type=\"widget\" data-widget_type=\"heading.default\">\n\t\t\t\t<div class=\"elementor-widget-container\">\n\t\t\t\t\t<h3 class=\"elementor-heading-title elementor-size-default\">Kunden und Partnerbetriebe<\/h3>\t\t\t\t<\/div>\n\t\t\t\t<\/div>\n\t\t\t\t<div class=\"elementor-element elementor-element-01329f7 elementor-widget elementor-widget-text-editor\" data-id=\"01329f7\" data-element_type=\"widget\" data-e-type=\"widget\" data-widget_type=\"text-editor.default\">\n\t\t\t\t<div class=\"elementor-widget-container\">\n\t\t\t\t\t\t\t\t\t<p style=\"text-align: left;\">Wir sind f\u00fcr unsere Partnerbetrieb zur <b>Montage <\/b>und <b>Demontage <\/b>wie auch <b>Service <\/b>arbeiten europaweit im Einsatz.<br \/>Unsere <b>Fachkompetenz <\/b>ist das Montieren von <b>Holzbearbeitungszentren <\/b>wie auch <b>Aluminiums\u00e4gen<\/b>. Komplexe Anlagen liegen uns am Herzen und machen Spa\u00df bei der Installation.\u00a0<\/p><p style=\"text-align: left;\"><span style=\"font-style: inherit; font-weight: inherit; text-align: center; color: var(--ast-global-color-3);\">Wir legen stets hohen Wert auf:<\/span><\/p><ul><li style=\"text-align: left;\"><b>Termintreue<\/b><\/li><li style=\"text-align: left;\">Saubere und fachgerechte Montage<\/li><li style=\"text-align: left;\">Schnelle <b>Inbetriebnahme<\/b><\/li><li style=\"text-align: left;\"><b>Schulung <\/b>der Operator<\/li><li style=\"text-align: left;\">Kundenspezifische Ablauf \u00c4nderungen (<b>Anpassungen<\/b>)<\/li><li style=\"text-align: left;\"><b>Einbindung <\/b>in den Gesamt Prozess Ablauf<\/li><\/ul>\t\t\t\t\t\t\t\t<\/div>\n\t\t\t\t<\/div>\n\t\t\t\t<div class=\"elementor-element elementor-element-6ce484e elementor-align-center elementor-widget elementor-widget-button\" data-id=\"6ce484e\" data-element_type=\"widget\" data-e-type=\"widget\" data-widget_type=\"button.default\">\n\t\t\t\t<div class=\"elementor-widget-container\">\n\t\t\t\t\t\t\t\t\t<div class=\"elementor-button-wrapper\">\n\t\t\t\t\t<a class=\"elementor-button elementor-button-link elementor-size-sm\" href=\"https:\/\/www.hpe-tech.at\/index.php\/partnerbetriebe\/\">\n\t\t\t\t\t\t<span class=\"elementor-button-content-wrapper\">\n\t\t\t\t\t\t\t\t\t<span class=\"elementor-button-text\">zum Partnerbetrieb<\/span>\n\t\t\t\t\t<\/span>\n\t\t\t\t\t<\/a>\n\t\t\t\t<\/div>\n\t\t\t\t\t\t\t\t<\/div>\n\t\t\t\t<\/div>\n\t\t\t\t\t<\/div>\n\t\t<\/div>\n\t\t\t\t\t<\/div>\n\t\t<\/section>\n\t\t\t\t\t<\/div>\n\t\t<\/div>\n\t\t\t\t\t<\/div>\n\t\t<\/section>\n\t\t\t\t<\/div>\n\t\t","protected":false},"excerpt":{"rendered":"<p>Ihr Spezialist f\u00fcr Maschinen- und Anlagenmontage! Wir m\u00f6chten Sie aus diesem Grund dabei unterst\u00fctzen, auch sensible Maschinen und Anlagen mit Struktur zu bewegen und die Risiken w\u00e4hrend der gesamten Umsetzung so weit wie m\u00f6glich zu minimieren.\u00a0 Zeitersparnis durch Komplettabwicklung alles aus einer Hand fachgerechter Ab- und Aufbau rasche Projektumsetzung schnelle Produktionsbereitschaft am neuen Standort Am [&hellip;]<\/p>\n","protected":false},"author":1,"featured_media":0,"parent":0,"menu_order":0,"comment_status":"closed","ping_status":"closed","template":"","meta":{"site-sidebar-layout":"no-sidebar","site-content-layout":"page-builder","ast-site-content-layout":"default","site-content-style":"default","site-sidebar-style":"default","ast-global-header-display":"","ast-banner-title-visibility":"","ast-main-header-display":"","ast-hfb-above-header-display":"","ast-hfb-below-header-display":"","ast-hfb-mobile-header-display":"","site-post-title":"disabled","ast-breadcrumbs-content":"","ast-featured-img":"disabled","footer-sml-layout":"","theme-transparent-header-meta":"default","adv-header-id-meta":"","stick-header-meta":"","header-above-stick-meta":"","header-main-stick-meta":"","header-below-stick-meta":"","astra-migrate-meta-layouts":"default","ast-page-background-enabled":"default","ast-page-background-meta":{"desktop":{"background-color":"","background-image":"","background-repeat":"repeat","background-position":"center center","background-size":"auto","background-attachment":"scroll","background-type":"","background-media":"","overlay-type":"","overlay-color":"","overlay-opacity":"","overlay-gradient":""},"tablet":{"background-color":"","background-image":"","background-repeat":"repeat","background-position":"center center","background-size":"auto","background-attachment":"scroll","background-type":"","background-media":"","overlay-type":"","overlay-color":"","overlay-opacity":"","overlay-gradient":""},"mobile":{"background-color":"","background-image":"","background-repeat":"repeat","background-position":"center center","background-size":"auto","background-attachment":"scroll","background-type":"","background-media":"","overlay-type":"","overlay-color":"","overlay-opacity":"","overlay-gradient":""}},"ast-content-background-meta":{"desktop":{"background-color":"var(--ast-global-color-5)","background-image":"","background-repeat":"repeat","background-position":"center center","background-size":"auto","background-attachment":"scroll","background-type":"","background-media":"","overlay-type":"","overlay-color":"","overlay-opacity":"","overlay-gradient":""},"tablet":{"background-color":"var(--ast-global-color-5)","background-image":"","background-repeat":"repeat","background-position":"center center","background-size":"auto","background-attachment":"scroll","background-type":"","background-media":"","overlay-type":"","overlay-color":"","overlay-opacity":"","overlay-gradient":""},"mobile":{"background-color":"var(--ast-global-color-5)","background-image":"","background-repeat":"repeat","background-position":"center center","background-size":"auto","background-attachment":"scroll","background-type":"","background-media":"","overlay-type":"","overlay-color":"","overlay-opacity":"","overlay-gradient":""}},"footnotes":""},"class_list":["post-435","page","type-page","status-publish","hentry"],"_links":{"self":[{"href":"https:\/\/www.hpe-tech.at\/index.php\/wp-json\/wp\/v2\/pages\/435","targetHints":{"allow":["GET"]}}],"collection":[{"href":"https:\/\/www.hpe-tech.at\/index.php\/wp-json\/wp\/v2\/pages"}],"about":[{"href":"https:\/\/www.hpe-tech.at\/index.php\/wp-json\/wp\/v2\/types\/page"}],"author":[{"embeddable":true,"href":"https:\/\/www.hpe-tech.at\/index.php\/wp-json\/wp\/v2\/users\/1"}],"replies":[{"embeddable":true,"href":"https:\/\/www.hpe-tech.at\/index.php\/wp-json\/wp\/v2\/comments?post=435"}],"version-history":[{"count":118,"href":"https:\/\/www.hpe-tech.at\/index.php\/wp-json\/wp\/v2\/pages\/435\/revisions"}],"predecessor-version":[{"id":894,"href":"https:\/\/www.hpe-tech.at\/index.php\/wp-json\/wp\/v2\/pages\/435\/revisions\/894"}],"wp:attachment":[{"href":"https:\/\/www.hpe-tech.at\/index.php\/wp-json\/wp\/v2\/media?parent=435"}],"curies":[{"name":"wp","href":"https:\/\/api.w.org\/{rel}","templated":true}]}}